{"id":47,"date":"2013-03-05T12:45:09","date_gmt":"2013-03-05T11:45:09","guid":{"rendered":"http:\/\/acmf.omnia-corp.net\/?page_id=47"},"modified":"2019-03-31T20:28:52","modified_gmt":"2019-03-31T18:28:52","slug":"participer-au-projet","status":"publish","type":"page","link":"https:\/\/www.mosquee-de-fosses.com\/?page_id=47","title":{"rendered":"Participer au projet"},"content":{"rendered":"<div id=\"pl-47\"  class=\"panel-layout\" ><div id=\"pg-47-0\"  class=\"panel-grid panel-no-style\" ><div id=\"pgc-47-0-0\"  class=\"panel-grid-cell\" ><div id=\"panel-47-0-0-0\" class=\"so-panel widget widget_text panel-first-child panel-last-child widgetopts-SO\" data-index=\"0\" >\t\t\t<div class=\"textwidget\"><p>Aider la mosqu\u00e9e<\/p>\n<p>&nbsp;<\/p>\n<p><strong>Le proph\u00e8te (\u00a0SWS ) \u00e0 dit :<\/strong><\/p>\n<p>\u201cCelui qui construit une mosqu\u00e9e pour Allah; Allah lui<br \/>\nconstruit une demeure au paradis\u201d [Hadith rapport\u00e9 par Mouslim].<\/p>\n<p><strong>Plusieurs moyens vous sont offert pour contribuer \u00e0 la construction de la future mosqu\u00e9e<\/strong> :<\/p>\n<ul>\n<li>L&#8217;op\u00e9ration \u00ab 100 euros par famille pendant 36 mois \u00bb soit 3600 euros, l&#8217;objectif \u00e9tant d&#8217;atteindre la participation de 100 familles<\/li>\n<li>L&#8217;op\u00e9ration\u00a0\u00ab je pr\u00eate de l&#8217;argent \u00e0 ma mosqu\u00e9e \u00bb, qui consiste \u00e0 pr\u00eater la somme que vous souhaitez \u00e0 l&#8217;association<\/li>\n<li>En effectuant un virement sur le compte bancaire de l&#8217;association sur le RIB suivant :<\/li>\n<\/ul>\n<p><strong>Identification Internationale (IBAN)\u00a0\u00a0\u00a0\u00a0\u00a0\u00a0<\/strong><\/p>\n<p><strong>IBAN FR76 3000 3007 0300 0502 5720 424<\/strong><\/p>\n<ul>\n<li>En mettant \u00e0 disposition vos comp\u00e9tences<\/li>\n<li>Ou directement en effectuant un paiement sur la plateforme en ligne <strong>CotizUp<\/strong> 100% s\u00e9curis\u00e9e en cliquant sur le lien suivant : <strong><a href=\"https:\/\/cotizup.com\/centrecultuelacmf\">Cagnotte du Centre Cultuel ACMF<\/a><\/strong><\/li>\n<\/ul>\n<p><b>Apr\u00e8s chaque donation, si vous le souhaitez, sur simple demande nous vous remettrons un re\u00e7u fiscal.<\/b><\/p>\n<\/div>\n\t\t<\/div><\/div><div id=\"pgc-47-0-1\"  class=\"panel-grid-cell\" ><div id=\"panel-47-0-1-0\" class=\"so-panel widget widget_media_image panel-first-child panel-last-child\" data-index=\"1\" ><img width=\"548\" height=\"365\" src=\"https:\/\/www.mosquee-de-fosses.com\/wp-content\/uploads\/2013\/03\/Participer-au-projet_imgbox.jpg\" class=\"image wp-image-194  attachment-full size-full\" alt=\"\" loading=\"lazy\" style=\"max-width: 100%; height: auto;\" srcset=\"https:\/\/www.mosquee-de-fosses.com\/wp-content\/uploads\/2013\/03\/Participer-au-projet_imgbox.jpg 548w, https:\/\/www.mosquee-de-fosses.com\/wp-content\/uploads\/2013\/03\/Participer-au-projet_imgbox-195x129.jpg 195w\" sizes=\"(max-width: 548px) 100vw, 548px\" \/><\/div><\/div><\/div><\/div>","protected":false},"excerpt":{"rendered":"<p>Aider la mosqu\u00e9e &nbsp; Le proph\u00e8te (\u00a0SWS ) \u00e0 dit : \u201cCelui qui construit une mosqu\u00e9e pour Allah; Allah lui construit une demeure au paradis\u201d [Hadith rapport\u00e9 par Mouslim]. Plusieurs moyens vous sont offert pour contribuer \u00e0 la construction de &hellip; <a href=\"https:\/\/www.mosquee-de-fosses.com\/?page_id=47\">Lire la suite\u00ad\u00ad<\/a><\/p>\n","protected":false},"author":2,"featured_media":0,"parent":0,"menu_order":0,"comment_status":"closed","ping_status":"closed","template":"","meta":{"_monsterinsights_skip_tracking":false,"_monsterinsights_sitenote_active":false,"_monsterinsights_sitenote_note":"","_monsterinsights_sitenote_category":0,"kt_blocks_editor_width":""},"_links":{"self":[{"href":"https:\/\/www.mosquee-de-fosses.com\/index.php?rest_route=\/wp\/v2\/pages\/47"}],"collection":[{"href":"https:\/\/www.mosquee-de-fosses.com\/index.php?rest_route=\/wp\/v2\/pages"}],"about":[{"href":"https:\/\/www.mosquee-de-fosses.com\/index.php?rest_route=\/wp\/v2\/types\/page"}],"author":[{"embeddable":true,"href":"https:\/\/www.mosquee-de-fosses.com\/index.php?rest_route=\/wp\/v2\/users\/2"}],"replies":[{"embeddable":true,"href":"https:\/\/www.mosquee-de-fosses.com\/index.php?rest_route=%2Fwp%2Fv2%2Fcomments&post=47"}],"version-history":[{"count":59,"href":"https:\/\/www.mosquee-de-fosses.com\/index.php?rest_route=\/wp\/v2\/pages\/47\/revisions"}],"predecessor-version":[{"id":1449,"href":"https:\/\/www.mosquee-de-fosses.com\/index.php?rest_route=\/wp\/v2\/pages\/47\/revisions\/1449"}],"wp:attachment":[{"href":"https:\/\/www.mosquee-de-fosses.com\/index.php?rest_route=%2Fwp%2Fv2%2Fmedia&parent=47"}],"curies":[{"name":"wp","href":"https:\/\/api.w.org\/{rel}","templated":true}]}}