{"id":40,"date":"2013-03-05T12:41:44","date_gmt":"2013-03-05T11:41:44","guid":{"rendered":"http:\/\/acmf.omnia-corp.net\/?page_id=40"},"modified":"2022-10-30T00:39:09","modified_gmt":"2022-10-29T22:39:09","slug":"le-projet","status":"publish","type":"page","link":"https:\/\/www.mosquee-de-fosses.com\/?page_id=40","title":{"rendered":"Le projet"},"content":{"rendered":"<div id=\"pl-40\"  class=\"panel-layout\" ><div id=\"pg-40-0\"  class=\"panel-grid panel-no-style\" ><div id=\"pgc-40-0-0\"  class=\"panel-grid-cell\" ><div id=\"panel-40-0-0-0\" class=\"so-panel widget widget_text panel-first-child panel-last-child widgetopts-SO\" data-index=\"0\" >\t\t\t<div class=\"textwidget\"><h2 style=\"text-align: center;\">Ensemble, construisons notre avenir et celui de nos enfants.<\/h2>\n<p>&nbsp;<\/p>\n<p><span style=\"font-weight: 400;\">Le futur <\/span><b>Centre Cultuel Educatif de Fosses <\/b><span style=\"font-weight: 400;\">est le fruit d\u2019un laborieux travail de concertation avec la communaut\u00e9 locale qui a d\u00e9but\u00e9 d\u00e9but 2003. <\/span><\/p>\n<p><b>Un centre Polyvalent autonome<\/b><\/p>\n<p><span style=\"font-weight: 400;\">Ce centre a \u00e9t\u00e9 con\u00e7u de mani\u00e8re \u00e0 r\u00e9pondre aux besoins religieux et socioculturels de la<\/span><span style=\"font-weight: 400;\"><br \/>\n<\/span><span style=\"font-weight: 400;\">communaut\u00e9 musulmane pour le pr\u00e9sent et le futur.<\/span><\/p>\n<p><span style=\"font-weight: 400;\">L\u2019objectif est \u00e9galement de disposer d\u2019un centre qui soit capable de s\u2019autofinancer, c\u2019est pourquoi notre structure disposera \u00e9galement de plusieurs services \u00e0 d\u00e9finir.<\/span><\/p>\n<p><span style=\"font-weight: 400;\">Nous avons l\u2019ambition que cette nouvelle construction soit un mod\u00e8le d\u2019architecture dans sa<\/span><span style=\"font-weight: 400;\"><br \/>\n<\/span><span style=\"font-weight: 400;\">fonctionnalit\u00e9 par l\u2019am\u00e9nagement des espaces et un mod\u00e8le \u00e9cologique dans l\u2019utilisation de<\/span><span style=\"font-weight: 400;\"><br \/>\n<\/span><span style=\"font-weight: 400;\">mat\u00e9riaux \u00ab propres \u00bb et de syst\u00e8mes privil\u00e9giant les \u00e9nergies renouvelables.<\/span><\/p>\n<p>&nbsp;<\/p>\n<p><strong>Le futur Centre Cultuel Educatif de Fosses qui sera compos\u00e9 de deux niveaux pr\u00e9voit :<\/strong><\/p>\n<p><span style=\"font-weight: 400;\">&#8211; Une salle de pri\u00e8re pour hommes et femmes pouvant accueillir plus de <\/span><b>300 personnes<\/b><\/p>\n<p><span style=\"font-weight: 400;\">&#8211; 4 \u00e0 5 salles de classes <\/span><\/p>\n<p><span style=\"font-weight: 400;\">&#8211; 2 bureaux et une salle de r\u00e9union<\/span><\/p>\n<p><span style=\"font-weight: 400;\">&#8211; Une m\u00e9diath\u00e8que<\/span><\/p>\n<p><span style=\"font-weight: 400;\">&#8211; Un espace convivialit\u00e9 et exposition ouvert \u00e0 tous<\/span><\/p>\n<p><a href=\"http:\/\/www.mosquee-de-fosses.com\/?attachment_id=956\" rel=\"attachment wp-att-956\"><img loading=\"lazy\" class=\"alignnone wp-image-956\" src=\"http:\/\/www.mosquee-de-fosses.com\/wp-content\/uploads\/2018\/02\/Centre-Cultuel-1-1024x442.jpg\" alt=\"\" width=\"621\" height=\"268\" srcset=\"https:\/\/www.mosquee-de-fosses.com\/wp-content\/uploads\/2018\/02\/Centre-Cultuel-1-1024x442.jpg 1024w, https:\/\/www.mosquee-de-fosses.com\/wp-content\/uploads\/2018\/02\/Centre-Cultuel-1-300x129.jpg 300w, https:\/\/www.mosquee-de-fosses.com\/wp-content\/uploads\/2018\/02\/Centre-Cultuel-1-768x331.jpg 768w, https:\/\/www.mosquee-de-fosses.com\/wp-content\/uploads\/2018\/02\/Centre-Cultuel-1-600x259.jpg 600w\" sizes=\"(max-width: 621px) 100vw, 621px\" \/><\/a><\/p>\n<p><span style=\"font-weight: 400;\"><strong>L\u2019utilisation pr\u00e9vue de cette nouvelle structure est la suivante<\/strong> :<\/span><\/p>\n<p><b>&#8211; Rez-de-chauss\u00e9e :\u00a0<\/b><span style=\"font-weight: 400;\">le parking et une salle d\u2019ablution<\/span><\/p>\n<p><b>&#8211; Premier \u00e9tage <\/b><span style=\"font-weight: 400;\">: la salle de pri\u00e8re pour hommes, la m\u00e9diath\u00e8que et l\u2019espace convivialit\u00e9<\/span><\/p>\n<p><b>&#8211; Deuxi\u00e8me \u00e9tage: <\/b><span style=\"font-weight: 400;\">la salle de pri\u00e8re pour femmes, \u00a0les salles de classe, le bureau, une salle d\u2019ablution et la salle de r\u00e9union<\/span><\/p>\n<p><a href=\"http:\/\/www.mosquee-de-fosses.com\/?attachment_id=955\" rel=\"attachment wp-att-955\"><img loading=\"lazy\" class=\"alignnone size-full wp-image-955\" src=\"http:\/\/www.mosquee-de-fosses.com\/wp-content\/uploads\/2018\/02\/Centre-Cultuel-2.jpg\" alt=\"\" width=\"719\" height=\"459\" srcset=\"https:\/\/www.mosquee-de-fosses.com\/wp-content\/uploads\/2018\/02\/Centre-Cultuel-2.jpg 719w, https:\/\/www.mosquee-de-fosses.com\/wp-content\/uploads\/2018\/02\/Centre-Cultuel-2-300x192.jpg 300w, https:\/\/www.mosquee-de-fosses.com\/wp-content\/uploads\/2018\/02\/Centre-Cultuel-2-80x50.jpg 80w, https:\/\/www.mosquee-de-fosses.com\/wp-content\/uploads\/2018\/02\/Centre-Cultuel-2-600x383.jpg 600w\" sizes=\"(max-width: 719px) 100vw, 719px\" \/><\/a><\/p>\n<p>&nbsp;<\/p>\n<\/div>\n\t\t<\/div><\/div><\/div><\/div>","protected":false},"excerpt":{"rendered":"<p>Ensemble, construisons notre avenir et celui de nos enfants. &nbsp; Le futur Centre Cultuel Educatif de Fosses est le fruit d\u2019un laborieux travail de concertation avec la communaut\u00e9 locale qui a d\u00e9but\u00e9 d\u00e9but 2003. Un centre Polyvalent autonome Ce centre &hellip; <a href=\"https:\/\/www.mosquee-de-fosses.com\/?page_id=40\">Lire la suite\u00ad\u00ad<\/a><\/p>\n","protected":false},"author":2,"featured_media":0,"parent":0,"menu_order":0,"comment_status":"closed","ping_status":"closed","template":"","meta":{"_monsterinsights_skip_tracking":false,"_monsterinsights_sitenote_active":false,"_monsterinsights_sitenote_note":"","_monsterinsights_sitenote_category":0,"kt_blocks_editor_width":""},"_links":{"self":[{"href":"https:\/\/www.mosquee-de-fosses.com\/index.php?rest_route=\/wp\/v2\/pages\/40"}],"collection":[{"href":"https:\/\/www.mosquee-de-fosses.com\/index.php?rest_route=\/wp\/v2\/pages"}],"about":[{"href":"https:\/\/www.mosquee-de-fosses.com\/index.php?rest_route=\/wp\/v2\/types\/page"}],"author":[{"embeddable":true,"href":"https:\/\/www.mosquee-de-fosses.com\/index.php?rest_route=\/wp\/v2\/users\/2"}],"replies":[{"embeddable":true,"href":"https:\/\/www.mosquee-de-fosses.com\/index.php?rest_route=%2Fwp%2Fv2%2Fcomments&post=40"}],"version-history":[{"count":22,"href":"https:\/\/www.mosquee-de-fosses.com\/index.php?rest_route=\/wp\/v2\/pages\/40\/revisions"}],"predecessor-version":[{"id":1810,"href":"https:\/\/www.mosquee-de-fosses.com\/index.php?rest_route=\/wp\/v2\/pages\/40\/revisions\/1810"}],"wp:attachment":[{"href":"https:\/\/www.mosquee-de-fosses.com\/index.php?rest_route=%2Fwp%2Fv2%2Fmedia&parent=40"}],"curies":[{"name":"wp","href":"https:\/\/api.w.org\/{rel}","templated":true}]}}