{"id":1029,"date":"2018-02-26T19:13:23","date_gmt":"2018-02-26T18:13:23","guid":{"rendered":"http:\/\/www.mosquee-de-fosses.com\/?page_id=1029"},"modified":"2019-03-31T20:29:35","modified_gmt":"2019-03-31T18:29:35","slug":"accueil","status":"publish","type":"page","link":"https:\/\/www.mosquee-de-fosses.com\/","title":{"rendered":"Accueil"},"content":{"rendered":"<div id=\"pl-1029\"  class=\"panel-layout\" ><div id=\"pg-1029-0\"  class=\"panel-grid panel-no-style\" ><div id=\"pgc-1029-0-0\"  class=\"panel-grid-cell\" ><div id=\"panel-1029-0-0-0\" class=\"so-panel widget widget_sow-editor panel-first-child widgetopts-SO\" data-index=\"0\" ><div\n\t\t\t\n\t\t\tclass=\"so-widget-sow-editor so-widget-sow-editor-base\"\n\t\t\t\n\t\t>\n<div class=\"siteorigin-widget-tinymce textwidget\">\n\t<div><\/div>\n<h2><\/h2>\n<\/div>\n<\/div><\/div><div id=\"panel-1029-0-0-1\" class=\"so-panel widget widget_pe_recent_posts PE_Recent_Posts panel-last-child widgetopts-SO\" data-index=\"1\" ><h3 class=\"widget-title\">Actualit\u00e9s<\/h3>\t\t\t\t<div id=\"myCarousel-widget-0-0-1\" data-keyboard=\"false\" class=\"pe-recent-posts-outer carousel slide one-row-mobile-off   columns-2 even-items-in-row\" style=\"margin-left: -10px;\">\r\n\t\t\t\t\t\t\t\t\t\t<div class=\"carousel-inner image-left\" style=\"margin-bottom: -10px;\" id=\"widget-0-0-1-container\" aria-live=\"off\">\r\n\t\t\t\t\t\t\t\t\t\t\t\t\t\t\t\t\t\t\t\t\t\t\t\t\t<div class=\"item active clearfix el-in-row-2\" id=\"widget-0-0-1-tab-1\" aria-labelledby=\"title-widget-0-0-1-1\"   tabindex=\"0\">\r\n\t\t\t\t\t\t\t\t\t\t\t\t\t\t\t\t\t\t\t\t\t\t\t\t\t\t\t\t\t\t\t\t\t\t<ul class=\"thumbnails el-1 el-in-row-1\" style=\"width: 50%;\">\r\n\t\t\t\t\t\t\t\t\t\t\t\t<li>\r\n\t\t\t\t\t\t\t\t\t\t\t\t\t<div class=\"thumbnail-box\" style=\"padding-left: 10px; padding-bottom: 10px;\">\r\n\t\t\t\t\t\t\t\t\t\t\t\t\t\t<div class=\"thumbnail-box-in clearfix\">\r\n\t\t\t\t\t\t\t\t\t\t\t\t\t\t\t\t\t\t\t\t\t\t\t\t\t\t\t\t\t\t\t\t\t\t\t\t\t\t\t\t\t\t\t\t\t\t\t\t\t\t\t\t\t\t\t\t\t\t\t\t\t\t\t<a href=\"https:\/\/www.mosquee-de-fosses.com\/?p=1849\">\r\n\t\t\t\t\t\t\t\t\t\t\t\t\t\t\t\t\t\t\t\t\t\t\t\t\t\t\t\t\t\t\t\t\t\t<img width=\"150\" height=\"150\" src=\"https:\/\/www.mosquee-de-fosses.com\/wp-content\/uploads\/2023\/10\/thumbnail-150x150.jpg\" class=\"attachment-thumbnail size-thumbnail wp-post-image\" alt=\"Soutenez la mosqu\u00e9e\" loading=\"lazy\" srcset=\"https:\/\/www.mosquee-de-fosses.com\/wp-content\/uploads\/2023\/10\/thumbnail-150x150.jpg 150w, https:\/\/www.mosquee-de-fosses.com\/wp-content\/uploads\/2023\/10\/thumbnail-540x540.jpg 540w, https:\/\/www.mosquee-de-fosses.com\/wp-content\/uploads\/2023\/10\/thumbnail-270x270.jpg 270w, https:\/\/www.mosquee-de-fosses.com\/wp-content\/uploads\/2023\/10\/thumbnail-730x730.jpg 730w, https:\/\/www.mosquee-de-fosses.com\/wp-content\/uploads\/2023\/10\/thumbnail-365x365.jpg 365w\" sizes=\"(max-width: 150px) 100vw, 150px\" \/>\t\t\t\t\t\t\t\t\t\t\t\t\t\t\t\t\t\t\t\t\t\t\t\t\t\t\t\t\t\t\t\t\t\t<\/a>\r\n\t\t\t\t\t\t\t\t\t\t\t\t\t\t\t\t\t\t\t\t\t\t\t\t\t\t\t\t\t\t\t\t\t\t\t\t\t\t\t\t\t\t\t\t\t\t\t\t\t\t\t\t\t\t\t\t\t\t\t\t\t\t<div class=\"caption fadeInUp animated image-on\">\r\n\t\t\t\t\t\t\t\t\t\t\t\t\t\t\t\t\t\t\t\t\t\t\t\t\t\t\t\t\t\t\t\t\t\t\t\t\t\t\t\t\t\t\t\t\t\t\t\t\t\t\t\t<h5 class=\"pe-recent-posts-title-tag\">\r\n\t\t\t\t\t\t\t\t\t\t\t\t\t\t\t\t\t\t\t\t\t\t\t\t\t\t\t\t\t\t\t\t\t\t\t\t\t\t\t<a href=\"https:\/\/www.mosquee-de-fosses.com\/?p=1849\">\r\n\t\t\t\t\t\t\t\t\t\t\t\t\t\t\t\t\t\t\t\t\t\t\t\t\t\t\t\t\t\t\t\t\t\t\t\t\t\t\t\tSoutenez la mosqu\u00e9e\t\t\t\t\t\t\t\t\t\t\t\t\t\t\t\t\t\t\t\t\t\t\t\t\t\t\t\t\t\t\t\t\t\t\t\t\t\t\t\t<\/a>\r\n\t\t\t\t\t\t\t\t\t\t\t\t\t\t\t\t\t\t\t\t\t\t\t\t\t\t\t\t\t\t\t\t\t\t\t\t\t<\/h5>\r\n\t\t\t\t\t\t\t\t\t\t\t\t\t\t\t\t\t\t\t\t\t\t\t\t\t\t\t\t\t\t\t\t\t\t\t\t\t\t\t\t\t\t\t\t\t\t\t\t\t\t\t\t\t\t\t\t\t\t\t\t\t\t\t\t\t\t\t\t\t\t\t\t\t\t\t\t\t\t\t\t\t\t\t\t\t<div class=\"excerpt-text\">Le proph\u00e8te (SWS) \u00e0 dit : \u201cCelui qui construit une mosq...<\/div>\t\t\t\t\t\t\t\t\t\t\t\t\t\t\t\t\t\t\t\t\t\t\t\t\t\t\t\t\t\t\t\t\t<\/div>\r\n\t\t\t\t\t\t\t\t\t\t\t\t\t\t\t\t\t\t\t\t\t\t\t\t\t\t\t\t\t<\/div>\r\n\t\t\t\t\t\t\t\t\t\t\t\t\t<\/div>\r\n\t\t\t\t\t\t\t\t\t\t\t\t<\/li>\r\n\t\t\t\t\t\t\t\t\t\t\t<\/ul>\r\n\t\t\t\t\t\t\t\t\t\t\t\t\t\t\t\t\t\t\t\t\t\t\t\t\t\t\t\t\t\t\t\t\t\t\t\t\t\t\t\t<ul class=\"thumbnails el-2 el-in-row-2\" style=\"width: 50%;\">\r\n\t\t\t\t\t\t\t\t\t\t\t\t<li>\r\n\t\t\t\t\t\t\t\t\t\t\t\t\t<div class=\"thumbnail-box\" style=\"padding-left: 10px; padding-bottom: 10px;\">\r\n\t\t\t\t\t\t\t\t\t\t\t\t\t\t<div class=\"thumbnail-box-in clearfix\">\r\n\t\t\t\t\t\t\t\t\t\t\t\t\t\t\t\t\t\t\t\t\t\t\t\t\t\t\t\t\t\t\t\t\t\t\t\t\t\t\t\t\t\t\t\t\t\t\t\t\t\t\t\t\t\t\t\t\t\t\t\t\t\t\t<a href=\"https:\/\/www.mosquee-de-fosses.com\/?p=1829\">\r\n\t\t\t\t\t\t\t\t\t\t\t\t\t\t\t\t\t\t\t\t\t\t\t\t\t\t\t\t\t\t\t\t\t\t<img width=\"150\" height=\"150\" src=\"https:\/\/www.mosquee-de-fosses.com\/wp-content\/uploads\/2022\/11\/IMG_7535-150x150.jpg\" class=\"attachment-thumbnail size-thumbnail wp-post-image\" alt=\"Pri\u00e8res quotidiennes\" loading=\"lazy\" srcset=\"https:\/\/www.mosquee-de-fosses.com\/wp-content\/uploads\/2022\/11\/IMG_7535-150x150.jpg 150w, https:\/\/www.mosquee-de-fosses.com\/wp-content\/uploads\/2022\/11\/IMG_7535-scaled-540x540.jpg 540w, https:\/\/www.mosquee-de-fosses.com\/wp-content\/uploads\/2022\/11\/IMG_7535-scaled-270x270.jpg 270w, https:\/\/www.mosquee-de-fosses.com\/wp-content\/uploads\/2022\/11\/IMG_7535-scaled-730x730.jpg 730w, https:\/\/www.mosquee-de-fosses.com\/wp-content\/uploads\/2022\/11\/IMG_7535-scaled-365x365.jpg 365w\" sizes=\"(max-width: 150px) 100vw, 150px\" \/>\t\t\t\t\t\t\t\t\t\t\t\t\t\t\t\t\t\t\t\t\t\t\t\t\t\t\t\t\t\t\t\t\t\t<\/a>\r\n\t\t\t\t\t\t\t\t\t\t\t\t\t\t\t\t\t\t\t\t\t\t\t\t\t\t\t\t\t\t\t\t\t\t\t\t\t\t\t\t\t\t\t\t\t\t\t\t\t\t\t\t\t\t\t\t\t\t\t\t\t\t<div class=\"caption fadeInUp animated image-on\">\r\n\t\t\t\t\t\t\t\t\t\t\t\t\t\t\t\t\t\t\t\t\t\t\t\t\t\t\t\t\t\t\t\t\t\t\t\t\t\t\t\t\t\t\t\t\t\t\t\t\t\t\t\t<h5 class=\"pe-recent-posts-title-tag\">\r\n\t\t\t\t\t\t\t\t\t\t\t\t\t\t\t\t\t\t\t\t\t\t\t\t\t\t\t\t\t\t\t\t\t\t\t\t\t\t\t<a href=\"https:\/\/www.mosquee-de-fosses.com\/?p=1829\">\r\n\t\t\t\t\t\t\t\t\t\t\t\t\t\t\t\t\t\t\t\t\t\t\t\t\t\t\t\t\t\t\t\t\t\t\t\t\t\t\t\tPri\u00e8res quotidiennes\t\t\t\t\t\t\t\t\t\t\t\t\t\t\t\t\t\t\t\t\t\t\t\t\t\t\t\t\t\t\t\t\t\t\t\t\t\t\t\t<\/a>\r\n\t\t\t\t\t\t\t\t\t\t\t\t\t\t\t\t\t\t\t\t\t\t\t\t\t\t\t\t\t\t\t\t\t\t\t\t\t<\/h5>\r\n\t\t\t\t\t\t\t\t\t\t\t\t\t\t\t\t\t\t\t\t\t\t\t\t\t\t\t\t\t\t\t\t\t\t\t\t\t\t\t\t\t\t\t\t\t\t\t\t\t\t\t\t\t\t\t\t\t\t\t\t\t\t\t\t\t\t\t\t\t\t\t\t\t\t\t\t\t\t\t\t\t\t\t\t\t<div class=\"excerpt-text\">Salam Alaykoum, Bonne nouvelle&#8230;Al Hamdoulilah ! A...<\/div>\t\t\t\t\t\t\t\t\t\t\t\t\t\t\t\t\t\t\t\t\t\t\t\t\t\t\t\t\t\t\t\t\t<\/div>\r\n\t\t\t\t\t\t\t\t\t\t\t\t\t\t\t\t\t\t\t\t\t\t\t\t\t\t\t\t\t<\/div>\r\n\t\t\t\t\t\t\t\t\t\t\t\t\t<\/div>\r\n\t\t\t\t\t\t\t\t\t\t\t\t<\/li>\r\n\t\t\t\t\t\t\t\t\t\t\t<\/ul>\r\n\t\t\t\t\t\t\t\t\t\t\t\t\t\t\t\t\t\t\t\t\t\t\t\t\t\t\t\t\t\t\t\t\t\t\t\t\t\t\t\t<ul class=\"thumbnails el-3 el-in-row-1\" style=\"width: 50%;\">\r\n\t\t\t\t\t\t\t\t\t\t\t\t<li>\r\n\t\t\t\t\t\t\t\t\t\t\t\t\t<div class=\"thumbnail-box\" style=\"padding-left: 10px; padding-bottom: 10px;\">\r\n\t\t\t\t\t\t\t\t\t\t\t\t\t\t<div class=\"thumbnail-box-in clearfix\">\r\n\t\t\t\t\t\t\t\t\t\t\t\t\t\t\t\t\t\t\t\t\t\t\t\t\t\t\t\t\t\t\t\t\t\t\t\t\t\t\t\t\t\t\t\t\t\t\t\t\t\t\t\t\t\t\t\t\t\t\t\t\t\t\t<a href=\"https:\/\/www.mosquee-de-fosses.com\/?p=1694\">\r\n\t\t\t\t\t\t\t\t\t\t\t\t\t\t\t\t\t\t\t\t\t\t\t\t\t\t\t\t\t\t\t\t\t\t<img width=\"150\" height=\"150\" src=\"https:\/\/www.mosquee-de-fosses.com\/wp-content\/uploads\/2018\/06\/shutterstock_145601659-banner-150x150.jpg\" class=\"attachment-thumbnail size-thumbnail wp-post-image\" alt=\"A\u00efd El Fitr 2021\" loading=\"lazy\" srcset=\"https:\/\/www.mosquee-de-fosses.com\/wp-content\/uploads\/2018\/06\/shutterstock_145601659-banner-150x150.jpg 150w, https:\/\/www.mosquee-de-fosses.com\/wp-content\/uploads\/2018\/06\/shutterstock_145601659-banner-300x300.jpg 300w, https:\/\/www.mosquee-de-fosses.com\/wp-content\/uploads\/2018\/06\/shutterstock_145601659-banner-100x100.jpg 100w, https:\/\/www.mosquee-de-fosses.com\/wp-content\/uploads\/2018\/06\/shutterstock_145601659-banner-540x540.jpg 540w, https:\/\/www.mosquee-de-fosses.com\/wp-content\/uploads\/2018\/06\/shutterstock_145601659-banner-270x270.jpg 270w, https:\/\/www.mosquee-de-fosses.com\/wp-content\/uploads\/2018\/06\/shutterstock_145601659-banner-730x730.jpg 730w, https:\/\/www.mosquee-de-fosses.com\/wp-content\/uploads\/2018\/06\/shutterstock_145601659-banner-365x365.jpg 365w\" sizes=\"(max-width: 150px) 100vw, 150px\" \/>\t\t\t\t\t\t\t\t\t\t\t\t\t\t\t\t\t\t\t\t\t\t\t\t\t\t\t\t\t\t\t\t\t\t<\/a>\r\n\t\t\t\t\t\t\t\t\t\t\t\t\t\t\t\t\t\t\t\t\t\t\t\t\t\t\t\t\t\t\t\t\t\t\t\t\t\t\t\t\t\t\t\t\t\t\t\t\t\t\t\t\t\t\t\t\t\t\t\t\t\t<div class=\"caption fadeInUp animated image-on\">\r\n\t\t\t\t\t\t\t\t\t\t\t\t\t\t\t\t\t\t\t\t\t\t\t\t\t\t\t\t\t\t\t\t\t\t\t\t\t\t\t\t\t\t\t\t\t\t\t\t\t\t\t\t<h5 class=\"pe-recent-posts-title-tag\">\r\n\t\t\t\t\t\t\t\t\t\t\t\t\t\t\t\t\t\t\t\t\t\t\t\t\t\t\t\t\t\t\t\t\t\t\t\t\t\t\t<a href=\"https:\/\/www.mosquee-de-fosses.com\/?p=1694\">\r\n\t\t\t\t\t\t\t\t\t\t\t\t\t\t\t\t\t\t\t\t\t\t\t\t\t\t\t\t\t\t\t\t\t\t\t\t\t\t\t\tA\u00efd El Fitr 2021\t\t\t\t\t\t\t\t\t\t\t\t\t\t\t\t\t\t\t\t\t\t\t\t\t\t\t\t\t\t\t\t\t\t\t\t\t\t\t\t<\/a>\r\n\t\t\t\t\t\t\t\t\t\t\t\t\t\t\t\t\t\t\t\t\t\t\t\t\t\t\t\t\t\t\t\t\t\t\t\t\t<\/h5>\r\n\t\t\t\t\t\t\t\t\t\t\t\t\t\t\t\t\t\t\t\t\t\t\t\t\t\t\t\t\t\t\t\t\t\t\t\t\t\t\t\t\t\t\t\t\t\t\t\t\t\t\t\t\t\t\t\t\t\t\t\t\t\t\t\t\t\t\t\t\t\t\t\t\t\t\t\t\t\t\t\t\t\t\t\t\t<div class=\"excerpt-text\">Cher(e)s fid\u00e8les, Nous avons le plaisir de vous informe...<\/div>\t\t\t\t\t\t\t\t\t\t\t\t\t\t\t\t\t\t\t\t\t\t\t\t\t\t\t\t\t\t\t\t\t<\/div>\r\n\t\t\t\t\t\t\t\t\t\t\t\t\t\t\t\t\t\t\t\t\t\t\t\t\t\t\t\t\t<\/div>\r\n\t\t\t\t\t\t\t\t\t\t\t\t\t<\/div>\r\n\t\t\t\t\t\t\t\t\t\t\t\t<\/li>\r\n\t\t\t\t\t\t\t\t\t\t\t<\/ul>\r\n\t\t\t\t\t\t\t\t\t\t\t\t\t\t\t\t\t\t\t\t\t\t\t\t\t\t\t\t\t\t\t\t\t\t\t\t\t\t\t\t<ul class=\"thumbnails el-4 el-in-row-2\" style=\"width: 50%;\">\r\n\t\t\t\t\t\t\t\t\t\t\t\t<li>\r\n\t\t\t\t\t\t\t\t\t\t\t\t\t<div class=\"thumbnail-box\" style=\"padding-left: 10px; padding-bottom: 10px;\">\r\n\t\t\t\t\t\t\t\t\t\t\t\t\t\t<div class=\"thumbnail-box-in clearfix\">\r\n\t\t\t\t\t\t\t\t\t\t\t\t\t\t\t\t\t\t\t\t\t\t\t\t\t\t\t\t\t\t\t\t\t\t\t\t\t\t\t\t\t\t\t\t\t\t\t\t\t\t\t\t\t\t\t\t\t\t\t\t\t\t\t<a href=\"https:\/\/www.mosquee-de-fosses.com\/?p=1682\">\r\n\t\t\t\t\t\t\t\t\t\t\t\t\t\t\t\t\t\t\t\t\t\t\t\t\t\t\t\t\t\t\t\t\t\t<img width=\"150\" height=\"150\" src=\"https:\/\/www.mosquee-de-fosses.com\/wp-content\/uploads\/2020\/11\/Sans-titre-150x150.png\" class=\"attachment-thumbnail size-thumbnail wp-post-image\" alt=\"Communiqu\u00e9\" loading=\"lazy\" srcset=\"https:\/\/www.mosquee-de-fosses.com\/wp-content\/uploads\/2020\/11\/Sans-titre-150x150.png 150w, https:\/\/www.mosquee-de-fosses.com\/wp-content\/uploads\/2020\/11\/Sans-titre-300x300.png 300w, https:\/\/www.mosquee-de-fosses.com\/wp-content\/uploads\/2020\/11\/Sans-titre-100x100.png 100w, https:\/\/www.mosquee-de-fosses.com\/wp-content\/uploads\/2020\/11\/Sans-titre-270x270.png 270w, https:\/\/www.mosquee-de-fosses.com\/wp-content\/uploads\/2020\/11\/Sans-titre-365x365.png 365w, https:\/\/www.mosquee-de-fosses.com\/wp-content\/uploads\/2020\/11\/Sans-titre.png 500w\" sizes=\"(max-width: 150px) 100vw, 150px\" \/>\t\t\t\t\t\t\t\t\t\t\t\t\t\t\t\t\t\t\t\t\t\t\t\t\t\t\t\t\t\t\t\t\t\t<\/a>\r\n\t\t\t\t\t\t\t\t\t\t\t\t\t\t\t\t\t\t\t\t\t\t\t\t\t\t\t\t\t\t\t\t\t\t\t\t\t\t\t\t\t\t\t\t\t\t\t\t\t\t\t\t\t\t\t\t\t\t\t\t\t\t<div class=\"caption fadeInUp animated image-on\">\r\n\t\t\t\t\t\t\t\t\t\t\t\t\t\t\t\t\t\t\t\t\t\t\t\t\t\t\t\t\t\t\t\t\t\t\t\t\t\t\t\t\t\t\t\t\t\t\t\t\t\t\t\t<h5 class=\"pe-recent-posts-title-tag\">\r\n\t\t\t\t\t\t\t\t\t\t\t\t\t\t\t\t\t\t\t\t\t\t\t\t\t\t\t\t\t\t\t\t\t\t\t\t\t\t\t<a href=\"https:\/\/www.mosquee-de-fosses.com\/?p=1682\">\r\n\t\t\t\t\t\t\t\t\t\t\t\t\t\t\t\t\t\t\t\t\t\t\t\t\t\t\t\t\t\t\t\t\t\t\t\t\t\t\t\tCommuniqu\u00e9\t\t\t\t\t\t\t\t\t\t\t\t\t\t\t\t\t\t\t\t\t\t\t\t\t\t\t\t\t\t\t\t\t\t\t\t\t\t\t\t<\/a>\r\n\t\t\t\t\t\t\t\t\t\t\t\t\t\t\t\t\t\t\t\t\t\t\t\t\t\t\t\t\t\t\t\t\t\t\t\t\t<\/h5>\r\n\t\t\t\t\t\t\t\t\t\t\t\t\t\t\t\t\t\t\t\t\t\t\t\t\t\t\t\t\t\t\t\t\t\t\t\t\t\t\t\t\t\t\t\t\t\t\t\t\t\t\t\t\t\t\t\t\t\t\t\t\t\t\t\t\t\t\t\t\t\t\t\t\t\t\t\t\t\t\t\t\t\t\t\t\t<div class=\"excerpt-text\">Chers fid\u00e8les, Suite aux derni\u00e8res d\u00e9clarations du Pr\u00e9s...<\/div>\t\t\t\t\t\t\t\t\t\t\t\t\t\t\t\t\t\t\t\t\t\t\t\t\t\t\t\t\t\t\t\t\t<\/div>\r\n\t\t\t\t\t\t\t\t\t\t\t\t\t\t\t\t\t\t\t\t\t\t\t\t\t\t\t\t\t<\/div>\r\n\t\t\t\t\t\t\t\t\t\t\t\t\t<\/div>\r\n\t\t\t\t\t\t\t\t\t\t\t\t<\/li>\r\n\t\t\t\t\t\t\t\t\t\t\t<\/ul>\r\n\t\t\t\t\t\t\t\t\t\t\t\t\t\t\t\t\t\t\t\t\t\t\t\t<\/div>\r\n\t\t\t\t\t\t\t\t\t\t\t\t\t\t\t\t\t\t\t\t\t\t\t\t\t\t\t\t\t\t\t\t\t\t\t\t\t\t\t\t\t\t\t\t\t\t\t\t\t\t\t\t\t\t\t<\/div>\r\n\t\t\t\t\t\t\t\t\t\t\t\t\t\t\t<\/div>\r\n\t\t\t\t\t\t\t\t\t\t\t\t\t<\/div>\t\t\t\t<script>\r\n\t\t\t\t\tjQuery(document).ready(\r\n\t\t\t\t\t\tfunction($) {\r\n\t\t\t\t\t\t\tconst peRecentPostscarouselContainer = $('#widget-0-0-1 .pe-recent-posts-outer');\r\n\t\t\t\t\t\t\tconst peRecentPostsArrows = $('#widget-0-0-1 .pe-recent-posts-outer .pe-carousel-navigation-container');\r\n\t\t\t\t\t\t\tconst peRecentPostsArrow = $('#widget-0-0-1 .pe-recent-posts-outer .pe-carousel-navigation-container .carousel-control');\r\n\t\t\t\t\t\t\tconst peRecentPostsIndicatorsContainer = $('#widget-0-0-1 .carousel-indicators');\r\n\t\t\t\t\t\t\tconst peRecentPostsIndicators = $('#widget-0-0-1 .carousel-indicators li');\r\n\t\t\t\t\t\t\tconst peRecentPostsPanel = $('#widget-0-0-1 .carousel-inner > .item');\r\n\t\t\t\t\t\t\tpeRecentPostscarouselContainer.carousel({\r\n\t\t\t\t\t\t\t\tinterval: 5000,\r\n\t\t\t\t\t\t\t\tpause: \"null\"\r\n\t\t\t\t\t\t\t})\r\n\r\n\t\t\t\t\t\t\t$('#widget-0-0-1 ol.carousel-indicators li:first-child').attr('aria-selected', 'true');\r\n\r\n\t\t\t\t\t\t\tpeRecentPostsArrow.on('keydown', function(event) {\r\n\r\n\t\t\t\t\t\t\t\tif (event.which == 32) { \/\/ Space key\r\n\t\t\t\t\t\t\t\t\tevent.preventDefault();\r\n\t\t\t\t\t\t\t\t\t$(this).click();\r\n\t\t\t\t\t\t\t\t}\r\n\r\n\t\t\t\t\t\t\t});\r\n\r\n\t\t\t\t\t\t\tpeRecentPostsIndicators.on('keydown', function(event) {\r\n\r\n\t\t\t\t\t\t\t\t$(this).parent().children().attr('aria-selected', 'false');\r\n\t\t\t\t\t\t\t\t$('#widget-0-0-1 ol.carousel-indicators li:first-child').attr('aria-selected', 'true');\r\n\r\n\t\t\t\t\t\t\t\tif (event.which == 9) { \/\/ Tab key\r\n\t\t\t\t\t\t\t\t\tif (event.shiftKey) { \/\/ + Shift Tab key\r\n\r\n\t\t\t\t\t\t\t\t\t\t$(this).siblings('li:not(.active)').attr('tabindex', '-1');\r\n\r\n\t\t\t\t\t\t\t\t\t} else {\r\n\r\n\t\t\t\t\t\t\t\t\t\tevent.preventDefault();\r\n\t\t\t\t\t\t\t\t\t\tlet tabID = $(this).attr('aria-controls');\r\n\t\t\t\t\t\t\t\t\t\t$(this).click();\r\n\t\t\t\t\t\t\t\t\t\t$(this).parent().siblings('.carousel-inner').find('#' + tabID).focus();\r\n\r\n\t\t\t\t\t\t\t\t\t}\r\n\r\n\t\t\t\t\t\t\t\t}\r\n\r\n\t\t\t\t\t\t\t\tif (event.which == 13) { \/\/ Enter key\r\n\t\t\t\t\t\t\t\t\t$(this).click();\r\n\t\t\t\t\t\t\t\t}\r\n\r\n\t\t\t\t\t\t\t\tif (event.which == 39) { \/\/ Right arrow\r\n\r\n\t\t\t\t\t\t\t\t\tevent.preventDefault();\r\n\t\t\t\t\t\t\t\t\tif ($(this).is(':last-child')) {\r\n\t\t\t\t\t\t\t\t\t\t$(this).siblings().first().focus().click().attr('aria-selected', 'true');\r\n\t\t\t\t\t\t\t\t\t} else {\r\n\t\t\t\t\t\t\t\t\t\t$(this).next().focus().click().attr('aria-selected', 'true');\r\n\t\t\t\t\t\t\t\t\t}\r\n\r\n\t\t\t\t\t\t\t\t}\r\n\r\n\t\t\t\t\t\t\t\tif (event.which == 37) { \/\/ Left arrow\r\n\r\n\t\t\t\t\t\t\t\t\tevent.preventDefault();\r\n\t\t\t\t\t\t\t\t\tif ($(this).is(':first-child')) {\r\n\t\t\t\t\t\t\t\t\t\t$(this).siblings().last().focus().click().attr('aria-selected', 'true');\r\n\t\t\t\t\t\t\t\t\t} else {\r\n\t\t\t\t\t\t\t\t\t\t$(this).prev().focus().click().attr('aria-selected', 'true');\r\n\t\t\t\t\t\t\t\t\t}\r\n\r\n\t\t\t\t\t\t\t\t}\r\n\r\n\t\t\t\t\t\t\t\tif (event.which == 36) { \/\/ Home key\r\n\r\n\t\t\t\t\t\t\t\t\tevent.preventDefault();\r\n\t\t\t\t\t\t\t\t\t$(this).parent().children('li:first-child').focus().click().attr('aria-selected', 'true');\r\n\r\n\t\t\t\t\t\t\t\t}\r\n\r\n\t\t\t\t\t\t\t\tif (event.which == 35) { \/\/ End key\r\n\r\n\t\t\t\t\t\t\t\t\tevent.preventDefault();\r\n\t\t\t\t\t\t\t\t\t$(this).parent().children('li:last-child').focus().click().attr('aria-selected', 'true');\r\n\r\n\t\t\t\t\t\t\t\t}\r\n\r\n\t\t\t\t\t\t\t});\r\n\r\n\t\t\t\t\t\t\tpeRecentPostsPanel.on('keydown', function(event) {\r\n\r\n\t\t\t\t\t\t\t\tlet tabPanel = event.target.getAttribute('id');\r\n\r\n\t\t\t\t\t\t\t\tif (event.which == 9) { \/\/ Tab key\r\n\r\n\t\t\t\t\t\t\t\t\t$(this).parent('.carousel-inner').siblings('.carousel-indicators').children('li').attr('tabindex', '0');\r\n\r\n\t\t\t\t\t\t\t\t\tif (event.shiftKey) { \/\/ + Shift Tab key\r\n\t\t\t\t\t\t\t\t\t\tif ($(this).parent().parent().hasClass('bullets-on-board')) {\r\n\t\t\t\t\t\t\t\t\t\t\tif (!$(this).find('a').is(\":focus\")) {\r\n\t\t\t\t\t\t\t\t\t\t\t\tevent.preventDefault();\r\n\t\t\t\t\t\t\t\t\t\t\t\t$(this).parent('.carousel-inner').siblings('.carousel-indicators').children('li[aria-controls=\"' + tabPanel + '\"]').focus();\r\n\t\t\t\t\t\t\t\t\t\t\t}\r\n\t\t\t\t\t\t\t\t\t\t}\r\n\r\n\t\t\t\t\t\t\t\t\t}\r\n\r\n\t\t\t\t\t\t\t\t}\r\n\r\n\t\t\t\t\t\t\t});\r\n\r\n\t\t\t\t\t\t\tif (peRecentPostscarouselContainer.hasClass('one-row-mobile-on') && $(window).width() < 768) { \/\/ one row for mobiles\r\n\t\t\t\t\t\t\t\t$(\"#widget-0-0-1 ul.thumbnails\").wrap(\"<div class='pe-item-mobile item el-in-row-2'><\/div>\"); \/\/wrap items\r\n\t\t\t\t\t\t\t\t$(\"#widget-0-0-1 .pe-item-mobile\").unwrap(); \/\/ remove original '.item' divs\r\n\t\t\t\t\t\t\t\t$(\"#widget-0-0-1 .pe-item-mobile:first-of-type\").addClass('active'); \/\/ add class active for the first item\r\n\t\t\t\t\t\t\t\tif (peRecentPostscarouselContainer.children('.carousel-indicators').length > 0) { \/\/only if indicators (bullets) are enabled\r\n\t\t\t\t\t\t\t\t\tconst peRecentPostsItemsNumber = $('.pe-item-mobile').length; \/\/ get numer of items\r\n\t\t\t\t\t\t\t\t\t$(peRecentPostsIndicators.parent('ol')).empty(); \/\/ remove indicators (bullets) items\r\n\t\t\t\t\t\t\t\t\tfor (i = 0; i < peRecentPostsItemsNumber; i++) { \/\/ add bullets for mobile\r\n\t\t\t\t\t\t\t\t\t\tpeRecentPostsIndicatorsContainer.append('<li data-target=\"#myCarousel-widget-0-0-1\" data-slide-to=\"' + i + '\" tabindex=\"0\">' + i + '<\/li>');\r\n\t\t\t\t\t\t\t\t\t}\r\n\t\t\t\t\t\t\t\t\t$(peRecentPostsIndicatorsContainer).children('li:first-child').addClass('active'); \/\/ add class active for the first bullet\r\n\t\t\t\t\t\t\t\t}\r\n\t\t\t\t\t\t\t}\r\n\t\t\t\t\t\t}\r\n\t\t\t\t\t);\r\n\t\t\t\t<\/script>\r\n\t\t\t<\/div><\/div><div id=\"pg-1029-1\"  class=\"panel-grid panel-no-style\" ><div id=\"pgc-1029-1-0\"  class=\"panel-grid-cell panel-grid-cell-empty panel-grid-cell-mobile-last\" ><\/div><div id=\"pgc-1029-1-1\"  class=\"panel-grid-cell panel-grid-cell-empty\" ><\/div><\/div><\/div>","protected":false},"excerpt":{"rendered":"","protected":false},"author":3,"featured_media":0,"parent":0,"menu_order":0,"comment_status":"closed","ping_status":"closed","template":"page-feature-sidebar.php","meta":{"_monsterinsights_skip_tracking":false,"_monsterinsights_sitenote_active":false,"_monsterinsights_sitenote_note":"","_monsterinsights_sitenote_category":0,"kt_blocks_editor_width":""},"_links":{"self":[{"href":"https:\/\/www.mosquee-de-fosses.com\/index.php?rest_route=\/wp\/v2\/pages\/1029"}],"collection":[{"href":"https:\/\/www.mosquee-de-fosses.com\/index.php?rest_route=\/wp\/v2\/pages"}],"about":[{"href":"https:\/\/www.mosquee-de-fosses.com\/index.php?rest_route=\/wp\/v2\/types\/page"}],"author":[{"embeddable":true,"href":"https:\/\/www.mosquee-de-fosses.com\/index.php?rest_route=\/wp\/v2\/users\/3"}],"replies":[{"embeddable":true,"href":"https:\/\/www.mosquee-de-fosses.com\/index.php?rest_route=%2Fwp%2Fv2%2Fcomments&post=1029"}],"version-history":[{"count":115,"href":"https:\/\/www.mosquee-de-fosses.com\/index.php?rest_route=\/wp\/v2\/pages\/1029\/revisions"}],"predecessor-version":[{"id":1797,"href":"https:\/\/www.mosquee-de-fosses.com\/index.php?rest_route=\/wp\/v2\/pages\/1029\/revisions\/1797"}],"wp:attachment":[{"href":"https:\/\/www.mosquee-de-fosses.com\/index.php?rest_route=%2Fwp%2Fv2%2Fmedia&parent=1029"}],"curies":[{"name":"wp","href":"https:\/\/api.w.org\/{rel}","templated":true}]}}